{"id":302,"date":"2026-02-18T16:47:22","date_gmt":"2026-02-18T15:47:22","guid":{"rendered":"https:\/\/www.senaya.hu\/venue-rental\/"},"modified":"2026-05-14T14:25:35","modified_gmt":"2026-05-14T12:25:35","slug":"venue-rental","status":"publish","type":"page","link":"https:\/\/www.senaya.hu\/en\/venue-rental\/","title":{"rendered":"VENUE RENTAL"},"content":{"rendered":"","protected":false},"excerpt":{"rendered":"","protected":false},"author":1,"featured_media":0,"parent":0,"menu_order":8,"comment_status":"closed","ping_status":"closed","template":"","meta":{"footnotes":""},"class_list":["post-302","page","type-page","status-publish","hentry"],"yoast_head":"<!-- This site is optimized with the Yoast SEO plugin v27.6 - https:\/\/yoast.com\/product\/yoast-seo-wordpress\/ -->\n<title>Senaya Harmony | Workshop, Retreat, Coaching<\/title>\n<meta name=\"description\" content=\"Venue Rental: Workshop, Retreat, Coaching \u00b7 Venue Rental Budapest \u00b7 Venue Rental Budapest District XIV \u00b7 Massage Budapest District XIV \u00b7 Workshop, Retreat, Course\" \/>\n<meta name=\"robots\" content=\"index, follow, max-snippet:-1, max-image-preview:large, max-video-preview:-1\" \/>\n<link rel=\"canonical\" href=\"https:\/\/www.senaya.hu\/en\/venue-rental\/\" \/>\n<meta property=\"og:locale\" content=\"en_US\" \/>\n<meta property=\"og:type\" content=\"article\" \/>\n<meta property=\"og:title\" content=\"Senaya Harmony | Workshop, Retreat, Coaching\" \/>\n<meta property=\"og:description\" content=\"Venue Rental: Workshop, Retreat, Coaching \u00b7 Venue Rental Budapest \u00b7 Venue Rental Budapest District XIV \u00b7 Massage Budapest District XIV \u00b7 Workshop, Retreat, Course\" \/>\n<meta property=\"og:url\" content=\"https:\/\/www.senaya.hu\/en\/venue-rental\/\" \/>\n<meta property=\"og:site_name\" content=\"Senaya Massz\u00e1zs | Egyed\u00fcl\u00e1ll\u00f3 \u00e9rz\u00e9ki massz\u00e1zs Budapesten\" \/>\n<meta property=\"article:publisher\" content=\"https:\/\/www.facebook.com\/senayamassage\" \/>\n<meta property=\"article:modified_time\" content=\"2026-05-14T12:25:35+00:00\" \/>\n<meta property=\"og:image\" content=\"https:\/\/www.senaya.hu\/wp-content\/uploads\/2026\/02\/senaya-onismereti-program-jpg-300x300.jpg\" \/>\n<meta name=\"twitter:card\" content=\"summary_large_image\" \/>\n<meta name=\"twitter:title\" content=\"Senaya Harmony | Workshop, Retreat, Coaching\" \/>\n<meta name=\"twitter:description\" content=\"Venue Rental: Workshop, Retreat, Coaching \u00b7 Venue Rental Budapest \u00b7 Venue Rental Budapest District XIV \u00b7 Massage Budapest District XIV \u00b7 Workshop, Retreat, Course\" \/>\n<meta name=\"twitter:image\" content=\"https:\/\/www.senaya.hu\/wp-content\/uploads\/2026\/02\/senaya-onismereti-program-jpg.jpg\" \/>\n<meta name=\"twitter:site\" content=\"@senayamassage\" \/>\n<script type=\"application\/ld+json\" class=\"yoast-schema-graph\">{\"@context\":\"https:\\\/\\\/schema.org\",\"@graph\":[{\"@type\":\"WebPage\",\"@id\":\"https:\\\/\\\/www.senaya.hu\\\/en\\\/venue-rental\\\/\",\"url\":\"https:\\\/\\\/www.senaya.hu\\\/en\\\/venue-rental\\\/\",\"name\":\"Senaya Harmony | Workshop, Retreat, Coaching\",\"isPartOf\":{\"@id\":\"https:\\\/\\\/www.senaya.hu\\\/en\\\/#website\"},\"datePublished\":\"2026-02-18T15:47:22+00:00\",\"dateModified\":\"2026-05-14T12:25:35+00:00\",\"description\":\"Venue Rental: Workshop, Retreat, Coaching \u00b7 Venue Rental Budapest \u00b7 Venue Rental Budapest District XIV \u00b7 Massage Budapest District XIV \u00b7 Workshop, Retreat, Course\",\"breadcrumb\":{\"@id\":\"https:\\\/\\\/www.senaya.hu\\\/en\\\/venue-rental\\\/#breadcrumb\"},\"inLanguage\":\"en-US\",\"potentialAction\":[{\"@type\":\"ReadAction\",\"target\":[\"https:\\\/\\\/www.senaya.hu\\\/en\\\/venue-rental\\\/\"]}]},{\"@type\":\"BreadcrumbList\",\"@id\":\"https:\\\/\\\/www.senaya.hu\\\/en\\\/venue-rental\\\/#breadcrumb\",\"itemListElement\":[{\"@type\":\"ListItem\",\"position\":1,\"name\":\"Kezd\u0151lap\",\"item\":\"https:\\\/\\\/www.senaya.hu\\\/en\\\/home\\\/\"},{\"@type\":\"ListItem\",\"position\":2,\"name\":\"VENUE RENTAL\"}]},{\"@type\":\"WebSite\",\"@id\":\"https:\\\/\\\/www.senaya.hu\\\/en\\\/#website\",\"url\":\"https:\\\/\\\/www.senaya.hu\\\/en\\\/\",\"name\":\"Senaya Massz\u00e1zs | Egyed\u00fcl\u00e1ll\u00f3 \u00e9rz\u00e9ki massz\u00e1zs Budapesten\",\"description\":\"A massz\u00e1zs, a wellness, a spiritualit\u00e1s \u00e9rz\u00e9ki \u00f6tv\u00f6zete \u00b7 14 f\u00e9le v\u00e1laszhat\u00f3 massz\u00e1zs \u00e9s kezel\u00e9s \u00b7 Massz\u00e1zs St\u00fadi\u00f3 Budapest XIV. ker\u00fclet \u00b7 Foglalj id\u0151pontot!\",\"publisher\":{\"@id\":\"https:\\\/\\\/www.senaya.hu\\\/en\\\/#organization\"},\"alternateName\":\"Senaya Massz\u00e1zs | Egyed\u00fcl\u00e1ll\u00f3 \u00e9rz\u00e9ki massz\u00e1zs Budapesten\",\"potentialAction\":[{\"@type\":\"SearchAction\",\"target\":{\"@type\":\"EntryPoint\",\"urlTemplate\":\"https:\\\/\\\/www.senaya.hu\\\/en\\\/?s={search_term_string}\"},\"query-input\":{\"@type\":\"PropertyValueSpecification\",\"valueRequired\":true,\"valueName\":\"search_term_string\"}}],\"inLanguage\":\"en-US\"},{\"@type\":\"Organization\",\"@id\":\"https:\\\/\\\/www.senaya.hu\\\/en\\\/#organization\",\"name\":\"Senaya Massz\u00e1zs | Egyed\u00fcl\u00e1ll\u00f3 \u00e9rz\u00e9ki massz\u00e1zs Budapesten\",\"alternateName\":\"Senaya Massz\u00e1zs | Egyed\u00fcl\u00e1ll\u00f3 \u00e9rz\u00e9ki massz\u00e1zs Budapesten\",\"url\":\"https:\\\/\\\/www.senaya.hu\\\/en\\\/\",\"logo\":{\"@type\":\"ImageObject\",\"inLanguage\":\"en-US\",\"@id\":\"https:\\\/\\\/www.senaya.hu\\\/en\\\/#\\\/schema\\\/logo\\\/image\\\/\",\"url\":\"https:\\\/\\\/www.senaya.hu\\\/wp-content\\\/uploads\\\/2026\\\/03\\\/booking-senaya-logo.jpg\",\"contentUrl\":\"https:\\\/\\\/www.senaya.hu\\\/wp-content\\\/uploads\\\/2026\\\/03\\\/booking-senaya-logo.jpg\",\"width\":600,\"height\":600,\"caption\":\"Senaya Massz\u00e1zs | Egyed\u00fcl\u00e1ll\u00f3 \u00e9rz\u00e9ki massz\u00e1zs Budapesten\"},\"image\":{\"@id\":\"https:\\\/\\\/www.senaya.hu\\\/en\\\/#\\\/schema\\\/logo\\\/image\\\/\"},\"sameAs\":[\"https:\\\/\\\/www.facebook.com\\\/senayamassage\",\"https:\\\/\\\/x.com\\\/senayamassage\",\"https:\\\/\\\/www.instagram.com\\\/senaya_massage_budapest\",\"https:\\\/\\\/share.google\\\/rygr90v3dIzpCXwTq\",\"https:\\\/\\\/www.facebook.com\\\/senayaharmonycenter\",\"https:\\\/\\\/www.instagram.com\\\/senaya_harmony_center\",\"https:\\\/\\\/share.google\\\/TzkEJgU34RnStF81g\"]}]}<\/script>\n<!-- \/ Yoast SEO plugin. -->","yoast_head_json":{"title":"Senaya Harmony | Workshop, Retreat, Coaching","description":"Venue Rental: Workshop, Retreat, Coaching \u00b7 Venue Rental Budapest \u00b7 Venue Rental Budapest District XIV \u00b7 Massage Budapest District XIV \u00b7 Workshop, Retreat, Course","robots":{"index":"index","follow":"follow","max-snippet":"max-snippet:-1","max-image-preview":"max-image-preview:large","max-video-preview":"max-video-preview:-1"},"canonical":"https:\/\/www.senaya.hu\/en\/venue-rental\/","og_locale":"en_US","og_type":"article","og_title":"Senaya Harmony | Workshop, Retreat, Coaching","og_description":"Venue Rental: Workshop, Retreat, Coaching \u00b7 Venue Rental Budapest \u00b7 Venue Rental Budapest District XIV \u00b7 Massage Budapest District XIV \u00b7 Workshop, Retreat, Course","og_url":"https:\/\/www.senaya.hu\/en\/venue-rental\/","og_site_name":"Senaya Massz\u00e1zs | Egyed\u00fcl\u00e1ll\u00f3 \u00e9rz\u00e9ki massz\u00e1zs Budapesten","article_publisher":"https:\/\/www.facebook.com\/senayamassage","article_modified_time":"2026-05-14T12:25:35+00:00","og_image":[{"url":"https:\/\/www.senaya.hu\/wp-content\/uploads\/2026\/02\/senaya-onismereti-program-jpg-300x300.jpg","type":"","width":"","height":""}],"twitter_card":"summary_large_image","twitter_title":"Senaya Harmony | Workshop, Retreat, Coaching","twitter_description":"Venue Rental: Workshop, Retreat, Coaching \u00b7 Venue Rental Budapest \u00b7 Venue Rental Budapest District XIV \u00b7 Massage Budapest District XIV \u00b7 Workshop, Retreat, Course","twitter_image":"https:\/\/www.senaya.hu\/wp-content\/uploads\/2026\/02\/senaya-onismereti-program-jpg.jpg","twitter_site":"@senayamassage","schema":{"@context":"https:\/\/schema.org","@graph":[{"@type":"WebPage","@id":"https:\/\/www.senaya.hu\/en\/venue-rental\/","url":"https:\/\/www.senaya.hu\/en\/venue-rental\/","name":"Senaya Harmony | Workshop, Retreat, Coaching","isPartOf":{"@id":"https:\/\/www.senaya.hu\/en\/#website"},"datePublished":"2026-02-18T15:47:22+00:00","dateModified":"2026-05-14T12:25:35+00:00","description":"Venue Rental: Workshop, Retreat, Coaching \u00b7 Venue Rental Budapest \u00b7 Venue Rental Budapest District XIV \u00b7 Massage Budapest District XIV \u00b7 Workshop, Retreat, Course","breadcrumb":{"@id":"https:\/\/www.senaya.hu\/en\/venue-rental\/#breadcrumb"},"inLanguage":"en-US","potentialAction":[{"@type":"ReadAction","target":["https:\/\/www.senaya.hu\/en\/venue-rental\/"]}]},{"@type":"BreadcrumbList","@id":"https:\/\/www.senaya.hu\/en\/venue-rental\/#breadcrumb","itemListElement":[{"@type":"ListItem","position":1,"name":"Kezd\u0151lap","item":"https:\/\/www.senaya.hu\/en\/home\/"},{"@type":"ListItem","position":2,"name":"VENUE RENTAL"}]},{"@type":"WebSite","@id":"https:\/\/www.senaya.hu\/en\/#website","url":"https:\/\/www.senaya.hu\/en\/","name":"Senaya Massz\u00e1zs | Egyed\u00fcl\u00e1ll\u00f3 \u00e9rz\u00e9ki massz\u00e1zs Budapesten","description":"A massz\u00e1zs, a wellness, a spiritualit\u00e1s \u00e9rz\u00e9ki \u00f6tv\u00f6zete \u00b7 14 f\u00e9le v\u00e1laszhat\u00f3 massz\u00e1zs \u00e9s kezel\u00e9s \u00b7 Massz\u00e1zs St\u00fadi\u00f3 Budapest XIV. ker\u00fclet \u00b7 Foglalj id\u0151pontot!","publisher":{"@id":"https:\/\/www.senaya.hu\/en\/#organization"},"alternateName":"Senaya Massz\u00e1zs | Egyed\u00fcl\u00e1ll\u00f3 \u00e9rz\u00e9ki massz\u00e1zs Budapesten","potentialAction":[{"@type":"SearchAction","target":{"@type":"EntryPoint","urlTemplate":"https:\/\/www.senaya.hu\/en\/?s={search_term_string}"},"query-input":{"@type":"PropertyValueSpecification","valueRequired":true,"valueName":"search_term_string"}}],"inLanguage":"en-US"},{"@type":"Organization","@id":"https:\/\/www.senaya.hu\/en\/#organization","name":"Senaya Massz\u00e1zs | Egyed\u00fcl\u00e1ll\u00f3 \u00e9rz\u00e9ki massz\u00e1zs Budapesten","alternateName":"Senaya Massz\u00e1zs | Egyed\u00fcl\u00e1ll\u00f3 \u00e9rz\u00e9ki massz\u00e1zs Budapesten","url":"https:\/\/www.senaya.hu\/en\/","logo":{"@type":"ImageObject","inLanguage":"en-US","@id":"https:\/\/www.senaya.hu\/en\/#\/schema\/logo\/image\/","url":"https:\/\/www.senaya.hu\/wp-content\/uploads\/2026\/03\/booking-senaya-logo.jpg","contentUrl":"https:\/\/www.senaya.hu\/wp-content\/uploads\/2026\/03\/booking-senaya-logo.jpg","width":600,"height":600,"caption":"Senaya Massz\u00e1zs | Egyed\u00fcl\u00e1ll\u00f3 \u00e9rz\u00e9ki massz\u00e1zs Budapesten"},"image":{"@id":"https:\/\/www.senaya.hu\/en\/#\/schema\/logo\/image\/"},"sameAs":["https:\/\/www.facebook.com\/senayamassage","https:\/\/x.com\/senayamassage","https:\/\/www.instagram.com\/senaya_massage_budapest","https:\/\/share.google\/rygr90v3dIzpCXwTq","https:\/\/www.facebook.com\/senayaharmonycenter","https:\/\/www.instagram.com\/senaya_harmony_center","https:\/\/share.google\/TzkEJgU34RnStF81g"]}]}},"_links":{"self":[{"href":"https:\/\/www.senaya.hu\/en\/wp-json\/wp\/v2\/pages\/302","targetHints":{"allow":["GET"]}}],"collection":[{"href":"https:\/\/www.senaya.hu\/en\/wp-json\/wp\/v2\/pages"}],"about":[{"href":"https:\/\/www.senaya.hu\/en\/wp-json\/wp\/v2\/types\/page"}],"author":[{"embeddable":true,"href":"https:\/\/www.senaya.hu\/en\/wp-json\/wp\/v2\/users\/1"}],"replies":[{"embeddable":true,"href":"https:\/\/www.senaya.hu\/en\/wp-json\/wp\/v2\/comments?post=302"}],"version-history":[{"count":1,"href":"https:\/\/www.senaya.hu\/en\/wp-json\/wp\/v2\/pages\/302\/revisions"}],"predecessor-version":[{"id":327,"href":"https:\/\/www.senaya.hu\/en\/wp-json\/wp\/v2\/pages\/302\/revisions\/327"}],"wp:attachment":[{"href":"https:\/\/www.senaya.hu\/en\/wp-json\/wp\/v2\/media?parent=302"}],"curies":[{"name":"wp","href":"https:\/\/api.w.org\/{rel}","templated":true}]}}